{"id":11288,"date":"2021-10-28T16:43:29","date_gmt":"2021-10-28T14:43:29","guid":{"rendered":"https:\/\/hotel-versailles-chantiers.test7.eu\/contact\/"},"modified":"2026-03-02T15:44:41","modified_gmt":"2026-03-02T14:44:41","slug":"contacto-acceso","status":"publish","type":"page","link":"https:\/\/www.hotel-versailles-chantiers.com\/es\/contacto-acceso\/","title":{"rendered":"Contacto y acceso"},"content":{"rendered":"\t\t<div data-elementor-type=\"wp-page\" data-elementor-id=\"11288\" class=\"elementor elementor-11288 elementor-569\" data-elementor-post-type=\"page\">\n\t\t\t\t\t\t<section data-dce-background-image-url=\"https:\/\/www.hotel-versailles-chantiers.com\/wp-content\/uploads\/versailles-chantiers\/chambres\/twin-superieures\/hotel-versailles-chantiers-chambre-twin-superieure-lits-jumeaux-vue-ensemble.webp\" class=\"elementor-section elementor-top-section elementor-element elementor-element-407624c elementor-section-height-min-height elementor-section-boxed elementor-section-height-default elementor-section-items-middle\" data-id=\"407624c\" data-element_type=\"section\" data-e-type=\"section\" data-settings=\"{&quot;background_background&quot;:&quot;classic&quot;}\">\n\t\t\t\t\t\t\t<div class=\" elementor-background-overlay lazyelementorbackgroundimages \"><\/div>\n\t\t\t\t\t\t\t<div class=\"elementor-container elementor-column-gap-default\">\n\t\t\t\t\t<div class=\"elementor-column elementor-col-100 elementor-top-column elementor-element elementor-element-a5b19dc\" data-id=\"a5b19dc\" data-element_type=\"column\" data-e-type=\"column\">\n\t\t\t<div class=\"elementor-widget-wrap elementor-element-populated\">\n\t\t\t\t\t\t<div class=\"elementor-element elementor-element-66e21f4 elementor-widget elementor-widget-heading\" data-id=\"66e21f4\" data-element_type=\"widget\" data-e-type=\"widget\" data-widget_type=\"heading.default\">\n\t\t\t\t<div class=\"elementor-widget-container\">\n\t\t\t\t\t<span class=\"elementor-heading-title elementor-size-default\">Contacto y acceso<\/span>\t\t\t\t<\/div>\n\t\t\t\t<\/div>\n\t\t\t\t\t<\/div>\n\t\t<\/div>\n\t\t\t\t\t<\/div>\n\t\t<\/section>\n\t\t\t\t<section class=\"elementor-section elementor-top-section elementor-element elementor-element-e2d8166 elementor-section-boxed elementor-section-height-default elementor-section-height-default\" data-id=\"e2d8166\" data-element_type=\"section\" data-e-type=\"section\">\n\t\t\t\t\t\t<div class=\"elementor-container elementor-column-gap-default\">\n\t\t\t\t\t<div class=\"elementor-column elementor-col-50 elementor-top-column elementor-element elementor-element-4c597ce\" data-id=\"4c597ce\" data-element_type=\"column\" data-e-type=\"column\">\n\t\t\t<div class=\"elementor-widget-wrap elementor-element-populated\">\n\t\t\t\t\t\t<div class=\"elementor-element elementor-element-0cc2c94 elementor-widget elementor-widget-heading\" data-id=\"0cc2c94\" data-element_type=\"widget\" data-e-type=\"widget\" data-widget_type=\"heading.default\">\n\t\t\t\t<div class=\"elementor-widget-container\">\n\t\t\t\t\t<h1 class=\"elementor-heading-title elementor-size-default\">Contacto y Acceso \u2013 H\u00f4tel Versailles Chantiers<\/h1>\t\t\t\t<\/div>\n\t\t\t\t<\/div>\n\t\t\t\t<div class=\"elementor-element elementor-element-8e28119 elementor-widget-divider--view-line elementor-widget elementor-widget-divider\" data-id=\"8e28119\" data-element_type=\"widget\" data-e-type=\"widget\" data-widget_type=\"divider.default\">\n\t\t\t\t<div class=\"elementor-widget-container\">\n\t\t\t\t\t\t\t<div class=\"elementor-divider\">\n\t\t\t<span class=\"elementor-divider-separator\">\n\t\t\t\t\t\t<\/span>\n\t\t<\/div>\n\t\t\t\t\t\t<\/div>\n\t\t\t\t<\/div>\n\t\t\t\t<div class=\"elementor-element elementor-element-cb6d089 elementor-hidden-desktop elementor-hidden-tablet elementor-hidden-mobile elementor-widget elementor-widget-text-editor\" data-id=\"cb6d089\" data-element_type=\"widget\" data-e-type=\"widget\" data-widget_type=\"text-editor.default\">\n\t\t\t\t<div class=\"elementor-widget-container\">\n\t\t\t\t\t\t\t\t\t<strong>Tren<\/strong>\nLa estaci\u00f3n Versailles-Chantiers est\u00e1 situada a menos de 2 minutos a pie de nuestro hotel. Desde las estaciones Gare du Nord, Gare de l\u2019Est y Gare de Lyon, vaya a la estaci\u00f3n Gare Montparnasse para tomar un TER o el Transilien N hasta la estaci\u00f3n de Versailles-Chantiers. Desde la estaci\u00f3n Gare d\u2019Austerlitz, puede tomar el cercan\u00edas RER C.\n\nVarias l\u00edneas provinciales dan servicio a la estaci\u00f3n de Versailles-Chantiers, entre ellas el TER Centre-Val de Loire, el TER Basse-Normandie, el TER Haute-Normandie, as\u00ed como algunos trenes Intercit\u00e9s y TGV. Puede tomar un tren directo desde Chartres, Dreux, Le Mans e incluso desde Marsella o Lyon.\n\n<strong>Movilidad flexible<\/strong>\nEl hotel Versailles Chantiers est\u00e1 situado a pocos minutos a pie de la estaci\u00f3n del mismo nombre y es de f\u00e1cil acceso en transporte p\u00fablico. Puede tomar el Transilien N que sale de Montparnasse o el Transilien U desde La D\u00e9fense. Tambi\u00e9n puede tomar el cercan\u00edas RER C.\n\n<strong>Coches<\/strong>\nEl hotel Versailles Chantiers es f\u00e1cilmente accesible en coche por la autopista A13 si llega desde Par\u00eds o por la A86 si llega desde el sur. Podr\u00e1 dejar luego el coche con total seguridad en uno de los aparcamientos cerrados y vigilados a menos de 5 minutos a pie de nuestro establecimiento.\n\n<strong>Avi\u00f3n<\/strong>\nEl hotel Versailles Chantiers se encuentra a una hora en coche del aeropuerto de Roissy-Charles de Gaulle o a hora y media con el cercan\u00edas RER B hasta la estaci\u00f3n de metro Saint-Michel \u2013 Notre-Dame y luego el RER C hasta Versailles-Chantiers. El aeropuerto de Orly est\u00e1 a 20 minutos en coche de nuestro hotel o a una hora en autob\u00fas de Air France hasta la estaci\u00f3n Gare de Montparnasse y el Transilien N.\t\t\t\t\t\t\t\t<\/div>\n\t\t\t\t<\/div>\n\t\t\t\t<div class=\"elementor-element elementor-element-74da686 elementor-tabs-view-horizontal elementor-widget elementor-widget-tabs\" data-id=\"74da686\" data-element_type=\"widget\" data-e-type=\"widget\" data-widget_type=\"tabs.default\">\n\t\t\t\t<div class=\"elementor-widget-container\">\n\t\t\t\t\t\t\t<div class=\"elementor-tabs\">\n\t\t\t<div class=\"elementor-tabs-wrapper\" role=\"tablist\" >\n\t\t\t\t\t\t\t\t\t<div id=\"elementor-tab-title-1221\" class=\"elementor-tab-title elementor-tab-desktop-title\" aria-selected=\"true\" data-tab=\"1\" role=\"tab\" tabindex=\"0\" aria-controls=\"elementor-tab-content-1221\" aria-expanded=\"false\">Tren<\/div>\n\t\t\t\t\t\t\t\t\t<div id=\"elementor-tab-title-1222\" class=\"elementor-tab-title elementor-tab-desktop-title\" aria-selected=\"false\" data-tab=\"2\" role=\"tab\" tabindex=\"-1\" aria-controls=\"elementor-tab-content-1222\" aria-expanded=\"false\">Movilidad flexible<\/div>\n\t\t\t\t\t\t\t\t\t<div id=\"elementor-tab-title-1223\" class=\"elementor-tab-title elementor-tab-desktop-title\" aria-selected=\"false\" data-tab=\"3\" role=\"tab\" tabindex=\"-1\" aria-controls=\"elementor-tab-content-1223\" aria-expanded=\"false\">Coches<\/div>\n\t\t\t\t\t\t\t\t\t<div id=\"elementor-tab-title-1224\" class=\"elementor-tab-title elementor-tab-desktop-title\" aria-selected=\"false\" data-tab=\"4\" role=\"tab\" tabindex=\"-1\" aria-controls=\"elementor-tab-content-1224\" aria-expanded=\"false\">Avi\u00f3n<\/div>\n\t\t\t\t\t\t\t<\/div>\n\t\t\t<div class=\"elementor-tabs-content-wrapper\" role=\"tablist\" aria-orientation=\"vertical\">\n\t\t\t\t\t\t\t\t\t<div class=\"elementor-tab-title elementor-tab-mobile-title\" aria-selected=\"true\" data-tab=\"1\" role=\"tab\" tabindex=\"0\" aria-controls=\"elementor-tab-content-1221\" aria-expanded=\"false\">Tren<\/div>\n\t\t\t\t\t<div id=\"elementor-tab-content-1221\" class=\"elementor-tab-content elementor-clearfix\" data-tab=\"1\" role=\"tabpanel\" aria-labelledby=\"elementor-tab-title-1221\" tabindex=\"0\" hidden=\"false\"><p>La estaci\u00f3n Versailles-Chantiers est\u00e1 situada a menos de 2 minutos a pie de nuestro hotel. Desde las estaciones Gare du Nord, Gare de l\u2019Est y Gare de Lyon, vaya a la estaci\u00f3n Gare Montparnasse para tomar un TER o el Transilien N hasta la estaci\u00f3n de Versailles-Chantiers. Desde la estaci\u00f3n Gare d\u2019Austerlitz, puede tomar el cercan\u00edas RER C.<\/p><p>Varias l\u00edneas provinciales dan servicio a la estaci\u00f3n de Versailles-Chantiers, entre ellas el TER Centre-Val de Loire, el TER Basse-Normandie, el TER Haute-Normandie, as\u00ed como algunos trenes Intercit\u00e9s y TGV. Puede tomar un tren directo desde Chartres, Dreux, Le Mans e incluso desde Marsella o Lyon.<\/p><p>Plusieurs lignes de province desservent la gare Versailles-Chantiers dont les TER Centre-Val de Loire, les TER Basse-Normandie, les TER Haute-Normandie, ainsi que quelques Intercit\u00e9s et TGV. Vous pouvez prendre un train direct depuis Chartres, Dreux, Le Mans, et m\u00eame Marseille ou Lyon.<\/p><\/div>\n\t\t\t\t\t\t\t\t\t<div class=\"elementor-tab-title elementor-tab-mobile-title\" aria-selected=\"false\" data-tab=\"2\" role=\"tab\" tabindex=\"-1\" aria-controls=\"elementor-tab-content-1222\" aria-expanded=\"false\">Movilidad flexible<\/div>\n\t\t\t\t\t<div id=\"elementor-tab-content-1222\" class=\"elementor-tab-content elementor-clearfix\" data-tab=\"2\" role=\"tabpanel\" aria-labelledby=\"elementor-tab-title-1222\" tabindex=\"0\" hidden=\"hidden\"><p>El hotel Versailles Chantiers est\u00e1 situado a pocos minutos a pie de la estaci\u00f3n del mismo nombre y es de f\u00e1cil acceso en transporte p\u00fablico. Puede tomar el Transilien N que sale de Montparnasse o el Transilien U desde La D\u00e9fense. Tambi\u00e9n puede tomar el cercan\u00edas RER C.<\/p><\/div>\n\t\t\t\t\t\t\t\t\t<div class=\"elementor-tab-title elementor-tab-mobile-title\" aria-selected=\"false\" data-tab=\"3\" role=\"tab\" tabindex=\"-1\" aria-controls=\"elementor-tab-content-1223\" aria-expanded=\"false\">Coches<\/div>\n\t\t\t\t\t<div id=\"elementor-tab-content-1223\" class=\"elementor-tab-content elementor-clearfix\" data-tab=\"3\" role=\"tabpanel\" aria-labelledby=\"elementor-tab-title-1223\" tabindex=\"0\" hidden=\"hidden\"><p>El hotel Versailles Chantiers es f\u00e1cilmente accesible en coche por la autopista A13 si llega desde Par\u00eds o por la A86 si llega desde el sur. Podr\u00e1 dejar luego el coche con total seguridad en uno de los aparcamientos cerrados y vigilados a menos de 5 minutos a pie de nuestro establecimiento.<\/p><\/div>\n\t\t\t\t\t\t\t\t\t<div class=\"elementor-tab-title elementor-tab-mobile-title\" aria-selected=\"false\" data-tab=\"4\" role=\"tab\" tabindex=\"-1\" aria-controls=\"elementor-tab-content-1224\" aria-expanded=\"false\">Avi\u00f3n<\/div>\n\t\t\t\t\t<div id=\"elementor-tab-content-1224\" class=\"elementor-tab-content elementor-clearfix\" data-tab=\"4\" role=\"tabpanel\" aria-labelledby=\"elementor-tab-title-1224\" tabindex=\"0\" hidden=\"hidden\"><p>El hotel Versailles Chantiers se encuentra a una hora en coche del aeropuerto de Roissy-Charles de Gaulle o a hora y media con el cercan\u00edas RER B hasta la estaci\u00f3n de metro Saint-Michel \u2013 Notre-Dame y luego el RER C hasta Versailles-Chantiers. El aeropuerto de Orly est\u00e1 a 20 minutos en coche de nuestro hotel o a una hora en autob\u00fas de Air France hasta la estaci\u00f3n Gare de Montparnasse y el Transilien N.<\/p><\/div>\n\t\t\t\t\t\t\t<\/div>\n\t\t<\/div>\n\t\t\t\t\t\t<\/div>\n\t\t\t\t<\/div>\n\t\t\t\t<div data-dce-text-color=\"#434343\" class=\"elementor-element elementor-element-0144bd7 elementor-icon-list--layout-traditional elementor-list-item-link-full_width elementor-widget elementor-widget-icon-list\" data-id=\"0144bd7\" data-element_type=\"widget\" data-e-type=\"widget\" data-widget_type=\"icon-list.default\">\n\t\t\t\t<div class=\"elementor-widget-container\">\n\t\t\t\t\t\t\t<ul class=\"elementor-icon-list-items\">\n\t\t\t\t\t\t\t<li class=\"elementor-icon-list-item\">\n\t\t\t\t\t\t\t\t\t\t\t<a href=\"https:\/\/goo.gl\/maps\/i65g4Zj4ADdnTfWS9\" target=\"_blank\" rel=\"nofollow\">\n\n\t\t\t\t\t\t\t\t\t\t\t\t<span class=\"elementor-icon-list-icon\">\n\t\t\t\t\t\t\t<i aria-hidden=\"true\" class=\"fas fa-map-marker-alt\"><\/i>\t\t\t\t\t\t<\/span>\n\t\t\t\t\t\t\t\t\t\t<span class=\"elementor-icon-list-text\">18 rue Benjamin Franklin, 78000 Versailles<\/span>\n\t\t\t\t\t\t\t\t\t\t\t<\/a>\n\t\t\t\t\t\t\t\t\t<\/li>\n\t\t\t\t\t\t\t\t<li class=\"elementor-icon-list-item\">\n\t\t\t\t\t\t\t\t\t\t\t<a href=\"tel:0033139203720\" rel=\"nofollow\">\n\n\t\t\t\t\t\t\t\t\t\t\t\t<span class=\"elementor-icon-list-icon\">\n\t\t\t\t\t\t\t<i aria-hidden=\"true\" class=\"fas fa-phone-alt\"><\/i>\t\t\t\t\t\t<\/span>\n\t\t\t\t\t\t\t\t\t\t<span class=\"elementor-icon-list-text\">+33(0) 1 39 20 37 20<\/span>\n\t\t\t\t\t\t\t\t\t\t\t<\/a>\n\t\t\t\t\t\t\t\t\t<\/li>\n\t\t\t\t\t\t\t\t<li class=\"elementor-icon-list-item\">\n\t\t\t\t\t\t\t\t\t\t\t<a href=\"mailto:contact@hvc78.com\">\n\n\t\t\t\t\t\t\t\t\t\t\t\t<span class=\"elementor-icon-list-icon\">\n\t\t\t\t\t\t\t<i aria-hidden=\"true\" class=\"fas fa-envelope\"><\/i>\t\t\t\t\t\t<\/span>\n\t\t\t\t\t\t\t\t\t\t<span class=\"elementor-icon-list-text\">contact@hvc78.com<\/span>\n\t\t\t\t\t\t\t\t\t\t\t<\/a>\n\t\t\t\t\t\t\t\t\t<\/li>\n\t\t\t\t\t\t\t\t<li class=\"elementor-icon-list-item\">\n\t\t\t\t\t\t\t\t\t\t\t<a href=\"https:\/\/goo.gl\/maps\/kCfUQoLe1bDmFkTK8\" target=\"_blank\">\n\n\t\t\t\t\t\t\t\t\t\t\t\t<span class=\"elementor-icon-list-icon\">\n\t\t\t\t\t\t\t<i aria-hidden=\"true\" class=\"fas fa-globe-americas\"><\/i>\t\t\t\t\t\t<\/span>\n\t\t\t\t\t\t\t\t\t\t<span class=\"elementor-icon-list-text\">Abrir la mapa<\/span>\n\t\t\t\t\t\t\t\t\t\t\t<\/a>\n\t\t\t\t\t\t\t\t\t<\/li>\n\t\t\t\t\t\t<\/ul>\n\t\t\t\t\t\t<\/div>\n\t\t\t\t<\/div>\n\t\t\t\t\t<\/div>\n\t\t<\/div>\n\t\t\t\t<div class=\"elementor-column elementor-col-50 elementor-top-column elementor-element elementor-element-0525573\" data-id=\"0525573\" data-element_type=\"column\" data-e-type=\"column\">\n\t\t\t<div class=\"elementor-widget-wrap elementor-element-populated\">\n\t\t\t\t\t\t<div class=\"elementor-element elementor-element-118ecfb elementor-widget elementor-widget-google_maps\" data-id=\"118ecfb\" data-element_type=\"widget\" data-e-type=\"widget\" data-widget_type=\"google_maps.default\">\n\t\t\t\t<div class=\"elementor-widget-container\">\n\t\t\t\t\t\t\t<div class=\"elementor-custom-embed\">\n\t\t\t<iframe loading=\"lazy\"\n\t\t\t\t\tsrc=\"https:\/\/maps.google.com\/maps?q=18%20Rue%20Benjamin%20Franklin%2C%2078000%20Versailles%2C%20France&#038;t=m&#038;z=10&#038;output=embed&#038;iwloc=near\"\n\t\t\t\t\ttitle=\"18 Rue Benjamin Franklin, 78000 Versailles, France\"\n\t\t\t\t\taria-label=\"18 Rue Benjamin Franklin, 78000 Versailles, France\"\n\t\t\t><\/iframe>\n\t\t<\/div>\n\t\t\t\t\t\t<\/div>\n\t\t\t\t<\/div>\n\t\t\t\t\t<\/div>\n\t\t<\/div>\n\t\t\t\t\t<\/div>\n\t\t<\/section>\n\t\t\t\t<section data-dce-background-color=\"#F9F9F9\" class=\"elementor-section elementor-top-section elementor-element elementor-element-31d6314 elementor-section-boxed elementor-section-height-default elementor-section-height-default\" data-id=\"31d6314\" data-element_type=\"section\" data-e-type=\"section\" data-settings=\"{&quot;background_background&quot;:&quot;classic&quot;}\">\n\t\t\t\t\t\t<div class=\"elementor-container elementor-column-gap-default\">\n\t\t\t\t\t<div class=\"elementor-column elementor-col-100 elementor-top-column elementor-element elementor-element-c77700a\" data-id=\"c77700a\" data-element_type=\"column\" data-e-type=\"column\">\n\t\t\t<div class=\"elementor-widget-wrap elementor-element-populated\">\n\t\t\t\t\t\t<div class=\"elementor-element elementor-element-00116c8 elementor-widget elementor-widget-heading\" data-id=\"00116c8\" data-element_type=\"widget\" data-e-type=\"widget\" data-widget_type=\"heading.default\">\n\t\t\t\t<div class=\"elementor-widget-container\">\n\t\t\t\t\t<h2 class=\"elementor-heading-title elementor-size-default\">Enviar un mensaje<\/h2>\t\t\t\t<\/div>\n\t\t\t\t<\/div>\n\t\t\t\t<div class=\"elementor-element elementor-element-1412b73 elementor-widget-divider--view-line elementor-widget elementor-widget-divider\" data-id=\"1412b73\" data-element_type=\"widget\" data-e-type=\"widget\" data-widget_type=\"divider.default\">\n\t\t\t\t<div class=\"elementor-widget-container\">\n\t\t\t\t\t\t\t<div class=\"elementor-divider\">\n\t\t\t<span class=\"elementor-divider-separator\">\n\t\t\t\t\t\t<\/span>\n\t\t<\/div>\n\t\t\t\t\t\t<\/div>\n\t\t\t\t<\/div>\n\t\t\t\t<div class=\"elementor-element elementor-element-58b09bd elementor-widget elementor-widget-text-editor\" data-id=\"58b09bd\" data-element_type=\"widget\" data-e-type=\"widget\" data-widget_type=\"text-editor.default\">\n\t\t\t\t<div class=\"elementor-widget-container\">\n\t\t\t\t\t\t\t\t\t<p>\u00bfNecesita m\u00e1s informaci\u00f3n sobre su estancia en nuestro hotel?<\/p>\t\t\t\t\t\t\t\t<\/div>\n\t\t\t\t<\/div>\n\t\t\t\t<div class=\"elementor-element elementor-element-75b7d34 elementor-button-align-stretch elementor-widget elementor-widget-form\" data-id=\"75b7d34\" data-element_type=\"widget\" data-e-type=\"widget\" data-settings=\"{&quot;step_next_label&quot;:&quot;Next&quot;,&quot;step_previous_label&quot;:&quot;Previous&quot;,&quot;button_width&quot;:&quot;100&quot;,&quot;step_type&quot;:&quot;number_text&quot;,&quot;step_icon_shape&quot;:&quot;circle&quot;}\" data-widget_type=\"form.default\">\n\t\t\t\t<div class=\"elementor-widget-container\">\n\t\t\t\t\t\t\t<form class=\"elementor-form\" method=\"post\" name=\"HVCContactFR\" aria-label=\"HVCContactFR\">\n\t\t\t<input type=\"hidden\" name=\"post_id\" value=\"11288\"\/>\n\t\t\t<input type=\"hidden\" name=\"form_id\" value=\"75b7d34\"\/>\n\t\t\t<input type=\"hidden\" name=\"referer_title\" value=\"Contacto | Hotel Versailles chantiers | Sitio oficial\" \/>\n\n\t\t\t\t\t\t\t<input type=\"hidden\" name=\"queried_id\" value=\"11288\"\/>\n\t\t\t\n\t\t\t<div class=\"elementor-form-fields-wrapper elementor-labels-above\">\n\t\t\t\t\t\t\t\t<div class=\"elementor-field-type-text\">\n\t\t\t\t\t<input size=\"1\" type=\"text\" name=\"form_fields[honeypot]\" id=\"form-field-honeypot\" class=\"elementor-field elementor-size-sm \" style=\"display:none !important;\">\t\t\t\t<\/div>\n\t\t\t\t\t\t\t\t<div class=\"elementor-field-type-text\">\n\t\t\t\t\t<input size=\"1\" type=\"text\" name=\"form_fields[phone]\" id=\"form-field-phone\" class=\"elementor-field elementor-size-sm \" style=\"display:none !important;\">\t\t\t\t<\/div>\n\t\t\t\t\t\t\t\t<div class=\"elementor-field-type-text\">\n\t\t\t\t\t<input size=\"1\" type=\"text\" name=\"form_fields[arrival]\" id=\"form-field-arrival\" class=\"elementor-field elementor-size-sm \" style=\"display:none !important;\">\t\t\t\t<\/div>\n\t\t\t\t\t\t\t\t<div class=\"elementor-field-type-text\">\n\t\t\t\t\t<input size=\"1\" type=\"text\" name=\"form_fields[departure]\" id=\"form-field-departure\" class=\"elementor-field elementor-size-sm \" style=\"display:none !important;\">\t\t\t\t<\/div>\n\t\t\t\t\t\t\t\t<div class=\"elementor-field-type-text elementor-field-group elementor-column elementor-field-group-name elementor-col-50 elementor-field-required elementor-mark-required\">\n\t\t\t\t\t\t\t\t\t\t\t\t<label for=\"form-field-name\" class=\"elementor-field-label\">\n\t\t\t\t\t\t\t\tNombre\t\t\t\t\t\t\t<\/label>\n\t\t\t\t\t\t\t\t\t\t\t\t\t\t<input size=\"1\" type=\"text\" name=\"form_fields[name]\" id=\"form-field-name\" class=\"elementor-field elementor-size-sm  elementor-field-textual\" required=\"required\">\n\t\t\t\t\t\t\t\t\t\t\t<\/div>\n\t\t\t\t\t\t\t\t<div class=\"elementor-field-type-email elementor-field-group elementor-column elementor-field-group-email elementor-col-50 elementor-field-required elementor-mark-required\">\n\t\t\t\t\t\t\t\t\t\t\t\t<label for=\"form-field-email\" class=\"elementor-field-label\">\n\t\t\t\t\t\t\t\tCorreo electr\u00f3nico\t\t\t\t\t\t\t<\/label>\n\t\t\t\t\t\t\t\t\t\t\t\t\t\t<input size=\"1\" type=\"email\" name=\"form_fields[email]\" id=\"form-field-email\" class=\"elementor-field elementor-size-sm  elementor-field-textual\" required=\"required\">\n\t\t\t\t\t\t\t\t\t\t\t<\/div>\n\t\t\t\t\t\t\t\t<div class=\"elementor-field-type-text elementor-field-group elementor-column elementor-field-group-sujet elementor-col-100 elementor-field-required elementor-mark-required\">\n\t\t\t\t\t\t\t\t\t\t\t\t<label for=\"form-field-sujet\" class=\"elementor-field-label\">\n\t\t\t\t\t\t\t\tSujeto\t\t\t\t\t\t\t<\/label>\n\t\t\t\t\t\t\t\t\t\t\t\t\t\t<input size=\"1\" type=\"text\" name=\"form_fields[sujet]\" id=\"form-field-sujet\" class=\"elementor-field elementor-size-sm  elementor-field-textual\" required=\"required\">\n\t\t\t\t\t\t\t\t\t\t\t<\/div>\n\t\t\t\t\t\t\t\t<div class=\"elementor-field-type-textarea elementor-field-group elementor-column elementor-field-group-message elementor-col-100 elementor-field-required elementor-mark-required\">\n\t\t\t\t\t\t\t\t\t\t\t\t<label for=\"form-field-message\" class=\"elementor-field-label\">\n\t\t\t\t\t\t\t\tMensaje\t\t\t\t\t\t\t<\/label>\n\t\t\t\t\t\t<textarea class=\"elementor-field-textual elementor-field  elementor-size-sm\" name=\"form_fields[message]\" id=\"form-field-message\" rows=\"4\" required=\"required\"><\/textarea>\t\t\t\t<\/div>\n\t\t\t\t\t\t\t\t<div class=\"elementor-field-type-html elementor-field-group elementor-column elementor-field-group-field_a6d3bc4 elementor-col-100\">\n\t\t\t\t\tEl H\u00f4tel Versailles Chantiers recopila estos datos con el fin de tratar y dar curso a su solicitud de contacto. Tiene derecho a acceder a sus datos, rectificarlos, suprimirlos o conciliarlos, o puede oponerse al tratamiento de sus datos (o solicitar que se limite). Puede ejercer estos derechos enviando un correo electr\u00f3nico a <a href=\"mailto:contact@hvc78.com\" style=\"color: #5DBDD2;\">contact@hvc78.com<\/a> Prueba de identidad. Para m\u00e1s informaci\u00f3n, consulte la p\u00e1gina  <a href=\"https:\/\/www.hotel-versailles-chantiers.com\/es\/politica-de-privacidad\/\" style=\"color: #5DBDD2;\"> Politica de Privacidad<\/a>.\t\t\t\t<\/div>\n\t\t\t\t\t\t\t\t<div class=\"elementor-field-type-recaptcha elementor-field-group elementor-column elementor-field-group-recaptchav3 elementor-col-100\">\n\t\t\t\t\t<div class=\"elementor-field\" id=\"form-field-recaptchav3\"><div class=\"elementor-g-recaptcha\" data-sitekey=\"6LfeivYmAAAAAOvYCEZ27iOmFcNnmyp49dAKcCso\" data-type=\"v2_checkbox\" data-theme=\"light\" data-size=\"normal\"><\/div><\/div>\t\t\t\t<\/div>\n\t\t\t\t\t\t\t\t<div class=\"elementor-field-group elementor-column elementor-field-type-submit elementor-col-100 e-form__buttons\">\n\t\t\t\t\t<button class=\"elementor-button elementor-size-sm\" type=\"submit\">\n\t\t\t\t\t\t<span class=\"elementor-button-content-wrapper\">\n\t\t\t\t\t\t\t\t\t\t\t\t\t\t\t<span class=\"elementor-button-icon\">\n\t\t\t\t\t\t\t\t\t<i aria-hidden=\"true\" class=\"iconh iconh-send\"><\/i>\t\t\t\t\t\t\t\t\t\t\t\t\t\t\t\t\t<\/span>\n\t\t\t\t\t\t\t\t\t\t\t\t\t\t\t\t\t\t\t\t\t\t<span class=\"elementor-button-text\">Enviar<\/span>\n\t\t\t\t\t\t\t\t\t\t\t\t\t<\/span>\n\t\t\t\t\t<\/button>\n\t\t\t\t<\/div>\n\t\t\t<\/div>\n\t\t<\/form>\n\t\t\t\t\t\t<\/div>\n\t\t\t\t<\/div>\n\t\t\t\t\t<\/div>\n\t\t<\/div>\n\t\t\t\t\t<\/div>\n\t\t<\/section>\n\t\t\t\t<\/div>\n\t\t","protected":false},"excerpt":{"rendered":"<p>Contacto y Acceso \u2013 H\u00f4tel Versailles Chantiers Tren La estaci\u00f3n Versailles-Chantiers est\u00e1 situada a menos de 2 minutos a pie de nuestro hotel. Desde las estaciones Gare du Nord, Gare de l\u2019Est y Gare de Lyon, vaya a la estaci\u00f3n Gare Montparnasse para tomar un TER o el Transilien N hasta la estaci\u00f3n de Versailles-Chantiers. [&hellip;]<\/p>\n","protected":false},"author":3,"featured_media":9978,"parent":0,"menu_order":0,"comment_status":"closed","ping_status":"closed","template":"","meta":{"_acf_changed":false,"footnotes":""},"class_list":["post-11288","page","type-page","status-publish","has-post-thumbnail","hentry"],"acf":[],"_links":{"self":[{"href":"https:\/\/www.hotel-versailles-chantiers.com\/es\/wp-json\/wp\/v2\/pages\/11288","targetHints":{"allow":["GET"]}}],"collection":[{"href":"https:\/\/www.hotel-versailles-chantiers.com\/es\/wp-json\/wp\/v2\/pages"}],"about":[{"href":"https:\/\/www.hotel-versailles-chantiers.com\/es\/wp-json\/wp\/v2\/types\/page"}],"author":[{"embeddable":true,"href":"https:\/\/www.hotel-versailles-chantiers.com\/es\/wp-json\/wp\/v2\/users\/3"}],"replies":[{"embeddable":true,"href":"https:\/\/www.hotel-versailles-chantiers.com\/es\/wp-json\/wp\/v2\/comments?post=11288"}],"version-history":[{"count":6,"href":"https:\/\/www.hotel-versailles-chantiers.com\/es\/wp-json\/wp\/v2\/pages\/11288\/revisions"}],"predecessor-version":[{"id":14440,"href":"https:\/\/www.hotel-versailles-chantiers.com\/es\/wp-json\/wp\/v2\/pages\/11288\/revisions\/14440"}],"wp:featuredmedia":[{"embeddable":true,"href":"https:\/\/www.hotel-versailles-chantiers.com\/es\/wp-json\/wp\/v2\/media\/9978"}],"wp:attachment":[{"href":"https:\/\/www.hotel-versailles-chantiers.com\/es\/wp-json\/wp\/v2\/media?parent=11288"}],"curies":[{"name":"wp","href":"https:\/\/api.w.org\/{rel}","templated":true}]}}